{"id":41,"date":"2018-02-27T22:40:00","date_gmt":"2018-02-27T22:40:00","guid":{"rendered":"https:\/\/pain-de-sucre.com\/site\/?page_id=41"},"modified":"2021-05-25T22:23:11","modified_gmt":"2021-05-25T22:23:11","slug":"chalet","status":"publish","type":"page","link":"https:\/\/pain-de-sucre.com\/fr\/chalet\/","title":{"rendered":"Chalet"},"content":{"rendered":"<div id=\"pl-41\"  class=\"panel-layout\" ><div id=\"pg-41-0\"  class=\"panel-grid panel-no-style\" ><div id=\"pgc-41-0-0\"  class=\"panel-grid-cell\" ><div id=\"panel-41-0-0-0\" class=\"so-panel widget widget_sow-editor panel-first-child panel-last-child\" data-index=\"0\" ><div\n\t\t\t\n\t\t\tclass=\"so-widget-sow-editor so-widget-sow-editor-base\"\n\t\t\t\n\t\t>\n<div class=\"siteorigin-widget-tinymce textwidget\">\n\t<p><!-- wp:paragraph --><\/p>\n<p>Agencement :<\/p>\n<p><!-- \/wp:paragraph --><\/p>\n<p><!-- wp:paragraph --><\/p>\n<p>Le chalet est chaleureux et agr\u00e9able. Au nord, vous entrez dans le grand s\u00e9jour comprenant une cuisine avec table \u00e0 manger et deux ouvertures vers la salle de s\u00e9jour. Sur le c\u00f4t\u00e9 sud vous acc\u00e9dez  \u00e0 travers deux portes coulissantes \u00e0 un grand balcon. L'\u00e9tage en dessous comprend une douche et un toilette s\u00e9par\u00e9s. A l'\u00e9tage au dessus, trois chambres dont une avec un grand balcon avec vue sur les Ecrins. Il y a l\u00e0 aussi une douche et un toilette suppl\u00e9mentaire.<\/p>\n<p><!-- \/wp:paragraph --><\/p>\n<p><!-- wp:paragraph --><\/p>\n<p>Le chalet dispose d\u2019une grande terrasse plein sud et est entour\u00e9 par un beau terrain ensoleill\u00e9 toute la journ\u00e9e en \u00e9t\u00e9.<\/p>\n<p><!-- \/wp:paragraph --><\/p>\n<p><!-- wp:paragraph --><\/p>\n<p>&nbsp;<\/p>\n<p><!-- \/wp:paragraph --><\/p>\n<\/div>\n<\/div><\/div><\/div><\/div><div id=\"pg-41-1\"  class=\"panel-grid panel-no-style\" ><div id=\"pgc-41-1-0\"  class=\"panel-grid-cell\" ><div id=\"panel-41-1-0-0\" class=\"so-panel widget widget_sow-image panel-first-child panel-last-child\" data-index=\"1\" ><div\n\t\t\t\n\t\t\tclass=\"so-widget-sow-image so-widget-sow-image-default-a258e6bfa2d8-41\"\n\t\t\t\n\t\t>\n<div class=\"sow-image-container\">\n\t\t<img \n\tsrc=\"https:\/\/pain-de-sucre.com\/wp-content\/uploads\/2018\/03\/kamerwest.jpeg\" width=\"1280\" height=\"853\" srcset=\"https:\/\/pain-de-sucre.com\/wp-content\/uploads\/2018\/03\/kamerwest.jpeg 1280w, https:\/\/pain-de-sucre.com\/wp-content\/uploads\/2018\/03\/kamerwest-300x200.jpeg 300w, https:\/\/pain-de-sucre.com\/wp-content\/uploads\/2018\/03\/kamerwest-768x512.jpeg 768w, https:\/\/pain-de-sucre.com\/wp-content\/uploads\/2018\/03\/kamerwest-1024x682.jpeg 1024w, https:\/\/pain-de-sucre.com\/wp-content\/uploads\/2018\/03\/kamerwest-272x182.jpeg 272w\" sizes=\"(max-width: 767px) 89vw, (max-width: 1000px) 54vw, (max-width: 1071px) 543px, 580px\" alt=\"\" \t\tclass=\"so-widget-image\"\/>\n\t<\/div>\n\n<\/div><\/div><\/div><div id=\"pgc-41-1-1\"  class=\"panel-grid-cell\" ><div id=\"panel-41-1-1-0\" class=\"so-panel widget widget_sow-image panel-first-child panel-last-child\" data-index=\"2\" ><div\n\t\t\t\n\t\t\tclass=\"so-widget-sow-image so-widget-sow-image-default-a258e6bfa2d8-41\"\n\t\t\t\n\t\t>\n<div class=\"sow-image-container\">\n\t\t<img \n\tsrc=\"https:\/\/pain-de-sucre.com\/wp-content\/uploads\/2018\/03\/keukenaanrecht1.jpg\" width=\"1280\" height=\"853\" srcset=\"https:\/\/pain-de-sucre.com\/wp-content\/uploads\/2018\/03\/keukenaanrecht1.jpg 1280w, https:\/\/pain-de-sucre.com\/wp-content\/uploads\/2018\/03\/keukenaanrecht1-300x200.jpg 300w, https:\/\/pain-de-sucre.com\/wp-content\/uploads\/2018\/03\/keukenaanrecht1-768x512.jpg 768w, https:\/\/pain-de-sucre.com\/wp-content\/uploads\/2018\/03\/keukenaanrecht1-1024x682.jpg 1024w, https:\/\/pain-de-sucre.com\/wp-content\/uploads\/2018\/03\/keukenaanrecht1-272x182.jpg 272w\" sizes=\"(max-width: 767px) 89vw, (max-width: 1000px) 54vw, (max-width: 1071px) 543px, 580px\" alt=\"\" \t\tclass=\"so-widget-image\"\/>\n\t<\/div>\n\n<\/div><\/div><\/div><div id=\"pgc-41-1-2\"  class=\"panel-grid-cell\" ><div id=\"panel-41-1-2-0\" class=\"so-panel widget widget_sow-image panel-first-child panel-last-child\" data-index=\"3\" ><div\n\t\t\t\n\t\t\tclass=\"so-widget-sow-image so-widget-sow-image-default-a258e6bfa2d8-41\"\n\t\t\t\n\t\t>\n<div class=\"sow-image-container\">\n\t\t<img \n\tsrc=\"https:\/\/pain-de-sucre.com\/wp-content\/uploads\/2018\/03\/keukeneetkamer.jpeg\" width=\"1280\" height=\"853\" srcset=\"https:\/\/pain-de-sucre.com\/wp-content\/uploads\/2018\/03\/keukeneetkamer.jpeg 1280w, https:\/\/pain-de-sucre.com\/wp-content\/uploads\/2018\/03\/keukeneetkamer-300x200.jpeg 300w, https:\/\/pain-de-sucre.com\/wp-content\/uploads\/2018\/03\/keukeneetkamer-768x512.jpeg 768w, https:\/\/pain-de-sucre.com\/wp-content\/uploads\/2018\/03\/keukeneetkamer-1024x682.jpeg 1024w, https:\/\/pain-de-sucre.com\/wp-content\/uploads\/2018\/03\/keukeneetkamer-272x182.jpeg 272w\" sizes=\"(max-width: 767px) 89vw, (max-width: 1000px) 54vw, (max-width: 1071px) 543px, 580px\" alt=\"\" \t\tclass=\"so-widget-image\"\/>\n\t<\/div>\n\n<\/div><\/div><\/div><\/div><div id=\"pg-41-2\"  class=\"panel-grid panel-no-style\" ><div id=\"pgc-41-2-0\"  class=\"panel-grid-cell\" ><div id=\"panel-41-2-0-0\" class=\"so-panel widget widget_sow-editor panel-first-child panel-last-child\" data-index=\"4\" ><div\n\t\t\t\n\t\t\tclass=\"so-widget-sow-editor so-widget-sow-editor-base\"\n\t\t\t\n\t\t>\n<div class=\"siteorigin-widget-tinymce textwidget\">\n\t<p><!-- wp:paragraph --><\/p>\n<p><!-- \/wp:paragraph --><\/p>\n<p><!-- wp:paragraph --><\/p>\n<p>L\u2019\u00e9lectricit\u00e9 du chalet est uniquement fournie par des panneaux solaires.<br \/>\nCela signifie qu\u2019il n\u2019est pas possible d\u2019utiliser des ustensiles \u00e0 grande consommation \u00e9lectrique tels que s\u00e8che cheveux, bouilloire\u2026 Un frigo de 24 volt est cependant allum\u00e9 jour et nuit et il est possible de recharger les portables dans les prises standard.<\/p>\n<p><!-- \/wp:paragraph --><\/p>\n<p><!-- wp:paragraph --><\/p>\n<p>Le chalet n\u2019est pas raccord\u00e9 au tout \u00e0 l\u2019\u00e9gout mais \u00e0 une fosse septique. Il est donc vivement recommand\u00e9 de n\u2019utiliser que des d\u00e9tergents biod\u00e9gradables et de veiller au bon usage des canalisations.<\/p>\n<p><!-- \/wp:paragraph --><\/p>\n<p><!-- wp:paragraph --><\/p>\n<p>En hiver, le chauffage se fait uniquement par le po\u00eale \u00e0 bois. Le chalet \u00e9tant bien isol\u00e9 (double vitrage) c\u2019est suffisant. Du bois de chauffage, coup\u00e9 et fendu aux bonnes dimensions, est soigneusement rang\u00e9 sur le c\u00f4t\u00e9 du chalet. Il n\u2019est donc pas n\u00e9cessaire de faire le bois soi-m\u00eame.<\/p>\n<p><!-- \/wp:paragraph --><\/p>\n<\/div>\n<\/div><\/div><\/div><\/div><div id=\"pg-41-3\"  class=\"panel-grid panel-no-style\" ><div id=\"pgc-41-3-0\"  class=\"panel-grid-cell\" ><div id=\"panel-41-3-0-0\" class=\"so-panel widget widget_sow-image panel-first-child panel-last-child\" data-index=\"5\" ><div\n\t\t\t\n\t\t\tclass=\"so-widget-sow-image so-widget-sow-image-default-a258e6bfa2d8-41\"\n\t\t\t\n\t\t>\n<div class=\"sow-image-container\">\n\t\t<img \n\tsrc=\"https:\/\/pain-de-sucre.com\/wp-content\/uploads\/2018\/03\/slaapkamergroot.jpeg\" width=\"1280\" height=\"960\" srcset=\"https:\/\/pain-de-sucre.com\/wp-content\/uploads\/2018\/03\/slaapkamergroot.jpeg 1280w, https:\/\/pain-de-sucre.com\/wp-content\/uploads\/2018\/03\/slaapkamergroot-300x225.jpeg 300w, https:\/\/pain-de-sucre.com\/wp-content\/uploads\/2018\/03\/slaapkamergroot-768x576.jpeg 768w, https:\/\/pain-de-sucre.com\/wp-content\/uploads\/2018\/03\/slaapkamergroot-1024x768.jpeg 1024w\" sizes=\"(max-width: 767px) 89vw, (max-width: 1000px) 54vw, (max-width: 1071px) 543px, 580px\" alt=\"\" \t\tclass=\"so-widget-image\"\/>\n\t<\/div>\n\n<\/div><\/div><\/div><div id=\"pgc-41-3-1\"  class=\"panel-grid-cell\" ><div id=\"panel-41-3-1-0\" class=\"so-panel widget widget_sow-image panel-first-child panel-last-child\" data-index=\"6\" ><div\n\t\t\t\n\t\t\tclass=\"so-widget-sow-image so-widget-sow-image-default-a258e6bfa2d8-41\"\n\t\t\t\n\t\t>\n<div class=\"sow-image-container\">\n\t\t<img \n\tsrc=\"https:\/\/pain-de-sucre.com\/wp-content\/uploads\/2018\/03\/klaprozenondergaandezon.jpeg\" width=\"1280\" height=\"960\" srcset=\"https:\/\/pain-de-sucre.com\/wp-content\/uploads\/2018\/03\/klaprozenondergaandezon.jpeg 1280w, https:\/\/pain-de-sucre.com\/wp-content\/uploads\/2018\/03\/klaprozenondergaandezon-300x225.jpeg 300w, https:\/\/pain-de-sucre.com\/wp-content\/uploads\/2018\/03\/klaprozenondergaandezon-768x576.jpeg 768w, https:\/\/pain-de-sucre.com\/wp-content\/uploads\/2018\/03\/klaprozenondergaandezon-1024x768.jpeg 1024w\" sizes=\"(max-width: 767px) 89vw, (max-width: 1000px) 54vw, (max-width: 1071px) 543px, 580px\" alt=\"\" \t\tclass=\"so-widget-image\"\/>\n\t<\/div>\n\n<\/div><\/div><\/div><div id=\"pgc-41-3-2\"  class=\"panel-grid-cell\" ><div id=\"panel-41-3-2-0\" class=\"so-panel widget widget_sow-image panel-first-child panel-last-child\" data-index=\"7\" ><div\n\t\t\t\n\t\t\tclass=\"so-widget-sow-image so-widget-sow-image-default-a258e6bfa2d8-41\"\n\t\t\t\n\t\t>\n<div class=\"sow-image-container\">\n\t\t<img \n\tsrc=\"https:\/\/pain-de-sucre.com\/wp-content\/uploads\/2018\/03\/slaapkamer.jpeg\" width=\"1280\" height=\"960\" srcset=\"https:\/\/pain-de-sucre.com\/wp-content\/uploads\/2018\/03\/slaapkamer.jpeg 1280w, https:\/\/pain-de-sucre.com\/wp-content\/uploads\/2018\/03\/slaapkamer-300x225.jpeg 300w, https:\/\/pain-de-sucre.com\/wp-content\/uploads\/2018\/03\/slaapkamer-768x576.jpeg 768w, https:\/\/pain-de-sucre.com\/wp-content\/uploads\/2018\/03\/slaapkamer-1024x768.jpeg 1024w\" sizes=\"(max-width: 767px) 89vw, (max-width: 1000px) 54vw, (max-width: 1071px) 543px, 580px\" alt=\"\" \t\tclass=\"so-widget-image\"\/>\n\t<\/div>\n\n<\/div><\/div><\/div><\/div><div id=\"pg-41-4\"  class=\"panel-grid panel-no-style\" ><div id=\"pgc-41-4-0\"  class=\"panel-grid-cell\" ><div id=\"panel-41-4-0-0\" class=\"so-panel widget widget_sow-editor panel-first-child panel-last-child\" data-index=\"8\" ><div\n\t\t\t\n\t\t\tclass=\"so-widget-sow-editor so-widget-sow-editor-base\"\n\t\t\t\n\t\t>\n<div class=\"siteorigin-widget-tinymce textwidget\">\n\t<p><!-- wp:paragraph --><\/p>\n<p><!-- \/wp:paragraph --><\/p>\n<p><!-- wp:paragraph --><\/p>\n<p>&nbsp;<\/p>\n<p><!-- \/wp:paragraph --><\/p>\n<p><!-- wp:paragraph --><\/p>\n<p>Ce qu\u2019il faut savoir<\/p>\n<p><!-- \/wp:paragraph --><\/p>\n<p><!-- wp:paragraph --><\/p>\n<p>La maison est non-fumeur et les animaux ne sont pas autoris\u00e9s en raison des allergies.<\/p>\n<p><!-- \/wp:paragraph --><\/p>\n<p><!-- wp:paragraph --><\/p>\n<p>La literie, les serviettes et les torchons ne sont pas fournis.<br \/>\nCi-dessous les dimensions des lits pour faciliter la pr\u00e9paration de vos draps.<\/p>\n<p><!-- \/wp:paragraph --><\/p>\n<p><!-- wp:paragraph --><\/p>\n<p>5 lits 1 place de 80 x 200 cm<br \/>\n1 lit 2 place de 160 x 200 cm<br \/>\nLa dimension des couettes 1 place est de 135 x 200 cm<br \/>\ncelle de 2 places est de 200 x 200 cm.<br \/>\nLes oreillers sont de taille standard.<\/p>\n<p><!-- \/wp:paragraph --><\/p>\n<\/div>\n<\/div><\/div><\/div><\/div><div id=\"pg-41-5\"  class=\"panel-grid panel-no-style\" ><div id=\"pgc-41-5-0\"  class=\"panel-grid-cell\" ><div id=\"panel-41-5-0-0\" class=\"so-panel widget widget_sow-image panel-first-child panel-last-child\" data-index=\"9\" ><div\n\t\t\t\n\t\t\tclass=\"so-widget-sow-image so-widget-sow-image-default-a258e6bfa2d8-41\"\n\t\t\t\n\t\t>\n<div class=\"sow-image-container\">\n\t\t<img \n\tsrc=\"https:\/\/pain-de-sucre.com\/wp-content\/uploads\/2018\/03\/natuurbadhuis1.jpeg\" width=\"1280\" height=\"852\" srcset=\"https:\/\/pain-de-sucre.com\/wp-content\/uploads\/2018\/03\/natuurbadhuis1.jpeg 1280w, https:\/\/pain-de-sucre.com\/wp-content\/uploads\/2018\/03\/natuurbadhuis1-300x200.jpeg 300w, https:\/\/pain-de-sucre.com\/wp-content\/uploads\/2018\/03\/natuurbadhuis1-768x511.jpeg 768w, https:\/\/pain-de-sucre.com\/wp-content\/uploads\/2018\/03\/natuurbadhuis1-1024x682.jpeg 1024w, https:\/\/pain-de-sucre.com\/wp-content\/uploads\/2018\/03\/natuurbadhuis1-272x182.jpeg 272w\" sizes=\"(max-width: 767px) 89vw, (max-width: 1000px) 54vw, (max-width: 1071px) 543px, 580px\" alt=\"\" \t\tclass=\"so-widget-image\"\/>\n\t<\/div>\n\n<\/div><\/div><\/div><div id=\"pgc-41-5-1\"  class=\"panel-grid-cell\" ><div id=\"panel-41-5-1-0\" class=\"so-panel widget widget_sow-image panel-first-child panel-last-child\" data-index=\"10\" ><div\n\t\t\t\n\t\t\tclass=\"so-widget-sow-image so-widget-sow-image-default-a258e6bfa2d8-41\"\n\t\t\t\n\t\t>\n<div class=\"sow-image-container\">\n\t\t<img \n\tsrc=\"https:\/\/pain-de-sucre.com\/wp-content\/uploads\/2018\/03\/aanzichtoost.jpeg\" width=\"1280\" height=\"853\" srcset=\"https:\/\/pain-de-sucre.com\/wp-content\/uploads\/2018\/03\/aanzichtoost.jpeg 1280w, https:\/\/pain-de-sucre.com\/wp-content\/uploads\/2018\/03\/aanzichtoost-300x200.jpeg 300w, https:\/\/pain-de-sucre.com\/wp-content\/uploads\/2018\/03\/aanzichtoost-768x512.jpeg 768w, https:\/\/pain-de-sucre.com\/wp-content\/uploads\/2018\/03\/aanzichtoost-1024x682.jpeg 1024w, https:\/\/pain-de-sucre.com\/wp-content\/uploads\/2018\/03\/aanzichtoost-272x182.jpeg 272w\" sizes=\"(max-width: 767px) 89vw, (max-width: 1000px) 54vw, (max-width: 1071px) 543px, 580px\" alt=\"\" \t\tclass=\"so-widget-image\"\/>\n\t<\/div>\n\n<\/div><\/div><\/div><\/div><\/div>","protected":false},"excerpt":{"rendered":"<p>Inrichting Het chalet is gezellig ingericht. Aan de noordkant kom je binnen in de grote woonruimte die bestaat uit een keuken met eettafel en twee doorgangen naar de woonkamer. Aan de zuidkant komt je middels twee schuifpuien op een groot balkon. Een verdieping lager is een douche en een apart toilet. Boven zijn drie slaapkamers &hellip; <\/p>\n<p class=\"link-more\"><a href=\"https:\/\/pain-de-sucre.com\/fr\/chalet\/\" class=\"more-link\">Continuer la lecture<span class=\"screen-reader-text\"> de &laquo;&nbsp;Chalet&nbsp;&raquo;<\/span><\/a><\/p>","protected":false},"author":4,"featured_media":297,"parent":0,"menu_order":0,"comment_status":"closed","ping_status":"closed","template":"","meta":{"footnotes":""},"class_list":["post-41","page","type-page","status-publish","has-post-thumbnail","hentry"],"_links":{"self":[{"href":"https:\/\/pain-de-sucre.com\/fr\/wp-json\/wp\/v2\/pages\/41","targetHints":{"allow":["GET"]}}],"collection":[{"href":"https:\/\/pain-de-sucre.com\/fr\/wp-json\/wp\/v2\/pages"}],"about":[{"href":"https:\/\/pain-de-sucre.com\/fr\/wp-json\/wp\/v2\/types\/page"}],"author":[{"embeddable":true,"href":"https:\/\/pain-de-sucre.com\/fr\/wp-json\/wp\/v2\/users\/4"}],"replies":[{"embeddable":true,"href":"https:\/\/pain-de-sucre.com\/fr\/wp-json\/wp\/v2\/comments?post=41"}],"version-history":[{"count":27,"href":"https:\/\/pain-de-sucre.com\/fr\/wp-json\/wp\/v2\/pages\/41\/revisions"}],"predecessor-version":[{"id":674,"href":"https:\/\/pain-de-sucre.com\/fr\/wp-json\/wp\/v2\/pages\/41\/revisions\/674"}],"wp:featuredmedia":[{"embeddable":true,"href":"https:\/\/pain-de-sucre.com\/fr\/wp-json\/wp\/v2\/media\/297"}],"wp:attachment":[{"href":"https:\/\/pain-de-sucre.com\/fr\/wp-json\/wp\/v2\/media?parent=41"}],"curies":[{"name":"wp","href":"https:\/\/api.w.org\/{rel}","templated":true}]}}